{"id":21,"date":"2024-10-08T13:59:11","date_gmt":"2024-10-08T16:59:11","guid":{"rendered":"http:\/\/seidel.com.br\/en\/?page_id=21"},"modified":"2024-11-22T16:54:15","modified_gmt":"2024-11-22T19:54:15","slug":"contact","status":"publish","type":"page","link":"https:\/\/seidel.com.br\/en\/contact\/","title":{"rendered":"Contact"},"content":{"rendered":"<p>Alvim Seidel Orquid\u00e1rio Catarinense Ltda.<\/p>\n<p>Rua Roberto Seidel, 1981<\/p>\n<p>Bairro Semin\u00e1rio<\/p>\n<p>89278-000 Corup\u00e1 &#8211; Brazil<\/p>\n","protected":false},"excerpt":{"rendered":"<p>Alvim Seidel Orquid\u00e1rio Catarinense Ltda. Rua Roberto Seidel, 1981 Bairro Semin\u00e1rio 89278-000 Corup\u00e1 &#8211; Brazil<\/p>\n","protected":false},"author":1,"featured_media":0,"parent":0,"menu_order":0,"comment_status":"closed","ping_status":"closed","template":"page-contato.php","meta":{"_acf_changed":false,"footnotes":""},"class_list":["post-21","page","type-page","status-publish","hentry"],"acf":[],"_links":{"self":[{"href":"https:\/\/seidel.com.br\/en\/wp-json\/wp\/v2\/pages\/21","targetHints":{"allow":["GET"]}}],"collection":[{"href":"https:\/\/seidel.com.br\/en\/wp-json\/wp\/v2\/pages"}],"about":[{"href":"https:\/\/seidel.com.br\/en\/wp-json\/wp\/v2\/types\/page"}],"author":[{"embeddable":true,"href":"https:\/\/seidel.com.br\/en\/wp-json\/wp\/v2\/users\/1"}],"replies":[{"embeddable":true,"href":"https:\/\/seidel.com.br\/en\/wp-json\/wp\/v2\/comments?post=21"}],"version-history":[{"count":3,"href":"https:\/\/seidel.com.br\/en\/wp-json\/wp\/v2\/pages\/21\/revisions"}],"predecessor-version":[{"id":120,"href":"https:\/\/seidel.com.br\/en\/wp-json\/wp\/v2\/pages\/21\/revisions\/120"}],"wp:attachment":[{"href":"https:\/\/seidel.com.br\/en\/wp-json\/wp\/v2\/media?parent=21"}],"curies":[{"name":"wp","href":"https:\/\/api.w.org\/{rel}","templated":true}]}}